{"id":2,"date":"2025-12-27T14:17:17","date_gmt":"2025-12-27T14:17:17","guid":{"rendered":"https:\/\/hardnexautomations.hu\/index.php\/home\/"},"modified":"2026-04-21T07:04:39","modified_gmt":"2026-04-21T07:04:39","slug":"kezdolap","status":"publish","type":"page","link":"https:\/\/hardnexautomations.hu\/en\/","title":{"rendered":"Kezd\u0151lap"},"content":{"rendered":"<div data-elementor-type=\"wp-post\" data-elementor-id=\"2\" class=\"elementor elementor-2\" data-elementor-post-type=\"page\">\n\t\t\t\t<div class=\"elementor-element elementor-element-8bcd764 e-flex e-con-boxed elementor-invisible e-con e-parent\" data-id=\"8bcd764\" data-element_type=\"container\" data-settings=\"{&quot;background_background&quot;:&quot;classic&quot;,&quot;animation&quot;:&quot;fadeIn&quot;}\">\n\t\t\t\t\t<div class=\"e-con-inner\">\n\t\t<div class=\"elementor-element elementor-element-3211a19 e-con-full e-flex e-con e-child\" data-id=\"3211a19\" data-element_type=\"container\">\n\t\t\t\t<div class=\"elementor-element elementor-element-5e9b6ee elementor-invisible elementor-widget elementor-widget-heading\" data-id=\"5e9b6ee\" data-element_type=\"widget\" data-settings=\"{&quot;_animation&quot;:&quot;fadeInUp&quot;}\" data-widget_type=\"heading.default\">\n\t\t\t\t<div class=\"elementor-widget-container\">\n\t\t\t\t\t<h3 class=\"elementor-heading-title elementor-size-default\">Ipari \nautomatiz\u00e1l\u00e1si alkatr\u00e9szek felv\u00e1s\u00e1rl\u00e1sa, beszerz\u00e9se \n\u00e9s \u00e9rt\u00e9kes\u00edt\u00e9se gyors sz\u00e1ll\u00edt\u00e1ssal \u00e9s garanci\u00e1val\n<\/h3>\t\t\t\t<\/div>\n\t\t\t\t<\/div>\n\t\t\t\t<div class=\"elementor-element elementor-element-68cc8a5 elementor-invisible elementor-widget elementor-widget-text-editor\" data-id=\"68cc8a5\" data-element_type=\"widget\" data-settings=\"{&quot;_animation&quot;:&quot;fadeInUp&quot;}\" data-widget_type=\"text-editor.default\">\n\t\t\t\t<div class=\"elementor-widget-container\">\n\t\t\t\t\t\t\t\t\t<p><br \/>PLCs, HMIs, servo drives and motors, frequency inverters and other industrial controllers, sensors \u2013 fast and fair service<\/p>\t\t\t\t\t\t\t\t<\/div>\n\t\t\t\t<\/div>\n\t\t\t\t<div class=\"elementor-element elementor-element-1828ee0 elementor-widget elementor-widget-button\" data-id=\"1828ee0\" data-element_type=\"widget\" data-widget_type=\"button.default\">\n\t\t\t\t<div class=\"elementor-widget-container\">\n\t\t\t\t\t\t\t\t\t<div class=\"elementor-button-wrapper\">\n\t\t\t\t\t<a class=\"elementor-button elementor-button-link elementor-size-sm\" href=\"http:\/\/shop.hardnexautomations.hu\" target=\"_blank\">\n\t\t\t\t\t\t<span class=\"elementor-button-content-wrapper\">\n\t\t\t\t\t\t\t\t\t<span class=\"elementor-button-text\">Webshop<\/span>\n\t\t\t\t\t<\/span>\n\t\t\t\t\t<\/a>\n\t\t\t\t<\/div>\n\t\t\t\t\t\t\t\t<\/div>\n\t\t\t\t<\/div>\n\t\t\t\t<div class=\"elementor-element elementor-element-d95731a elementor-mobile-align-center elementor-widget elementor-widget-button\" data-id=\"d95731a\" data-element_type=\"widget\" data-widget_type=\"button.default\">\n\t\t\t\t<div class=\"elementor-widget-container\">\n\t\t\t\t\t\t\t\t\t<div class=\"elementor-button-wrapper\">\n\t\t\t\t\t<a class=\"elementor-button elementor-button-link elementor-size-sm\" href=\"#kapcsolat\">\n\t\t\t\t\t\t<span class=\"elementor-button-content-wrapper\">\n\t\t\t\t\t\t\t\t\t<span class=\"elementor-button-text\">Go to contact<\/span>\n\t\t\t\t\t<\/span>\n\t\t\t\t\t<\/a>\n\t\t\t\t<\/div>\n\t\t\t\t\t\t\t\t<\/div>\n\t\t\t\t<\/div>\n\t\t\t\t<\/div>\n\t\t<div class=\"elementor-element elementor-element-70fdbc1 e-con-full e-flex e-con e-child\" data-id=\"70fdbc1\" data-element_type=\"container\">\n\t\t\t\t<\/div>\n\t\t\t\t\t<\/div>\n\t\t\t\t<\/div>\n\t\t<div class=\"elementor-element elementor-element-3445653 e-flex e-con-boxed e-con e-parent\" data-id=\"3445653\" data-element_type=\"container\" data-settings=\"{&quot;background_background&quot;:&quot;classic&quot;}\">\n\t\t\t\t\t<div class=\"e-con-inner\">\n\t\t<div class=\"elementor-element elementor-element-a2a0548 e-con-full e-flex e-con e-child\" data-id=\"a2a0548\" data-element_type=\"container\">\n\t\t\t\t<div class=\"elementor-element elementor-element-d8b0325 elementor-widget elementor-widget-heading\" data-id=\"d8b0325\" data-element_type=\"widget\" data-widget_type=\"heading.default\">\n\t\t\t\t<div class=\"elementor-widget-container\">\n\t\t\t\t\t<h2 class=\"elementor-heading-title elementor-size-default\">Els\u0151sorban az al\u00e1bbi gy\u00e1rt\u00f3k term\u00e9keit v\u00e1s\u00e1roljuk \u00e9s \u00e9rt\u00e9kes\u00edtj\u00fck<\/h2>\t\t\t\t<\/div>\n\t\t\t\t<\/div>\n\t\t\t\t<div class=\"elementor-element elementor-element-eeed392 elementor-widget elementor-widget-text-editor\" data-id=\"eeed392\" data-element_type=\"widget\" data-widget_type=\"text-editor.default\">\n\t\t\t\t<div class=\"elementor-widget-container\">\n\t\t\t\t\t\t\t\t\t<h4><strong>C\u00e9g\u00fcnk kiemelten az al\u00e1bbi, nemzetk\u00f6zileg elismert ipari automatiz\u00e1l\u00e1si \u00e9s vez\u00e9rl\u00e9stechnikai m\u00e1rk\u00e1k term\u00e9keinek felv\u00e1s\u00e1rl\u00e1s\u00e1val \u00e9s gyors beszerz\u00e9s\u00e9vel foglalkozik, garanci\u00e1val \u00e9s r\u00f6vid hat\u00e1rid\u0151s sz\u00e1ll\u00edt\u00e1ssal:<\/strong><\/h4><ul><li style=\"text-align: left;\"><h4><strong>Allen\u2011Bradley<\/strong><\/h4><\/li><li style=\"text-align: left;\"><h4><strong>Siemens<\/strong><\/h4><\/li><li style=\"text-align: left;\"><h4><strong>Heidenhain<\/strong><\/h4><\/li><li style=\"text-align: left;\"><h4><strong>Schneider Electric<\/strong><\/h4><\/li><li style=\"text-align: left;\"><h4><strong>Beckhoff<\/strong><\/h4><\/li><li style=\"text-align: left;\"><h4><strong>KUKA<\/strong><\/h4><\/li><li style=\"text-align: left;\"><h4><strong>FANUC<\/strong><\/h4><\/li><li style=\"text-align: left;\"><h4><strong>ABB<\/strong><\/h4><\/li><\/ul>\t\t\t\t\t\t\t\t<\/div>\n\t\t\t\t<\/div>\n\t\t\t\t<\/div>\n\t\t\t\t\t<\/div>\n\t\t\t\t<\/div>\n\t\t<div class=\"elementor-element elementor-element-214e54e e-flex e-con-boxed e-con e-parent\" data-id=\"214e54e\" data-element_type=\"container\">\n\t\t\t\t\t<div class=\"e-con-inner\">\n\t\t\t\t<div class=\"elementor-element elementor-element-95a7b72 elementor-widget elementor-widget-image\" data-id=\"95a7b72\" data-element_type=\"widget\" data-widget_type=\"image.default\">\n\t\t\t\t<div class=\"elementor-widget-container\">\n\t\t\t\t\t\t\t\t\t\t\t\t\t\t\t<img fetchpriority=\"high\" decoding=\"async\" width=\"1024\" height=\"683\" src=\"https:\/\/hardnexautomations.hu\/wp-content\/uploads\/2026\/03\/1000036180-1024x683.png\" class=\"attachment-large size-large wp-image-2703\" alt=\"1000036180\" srcset=\"https:\/\/hardnexautomations.hu\/wp-content\/uploads\/2026\/03\/1000036180-1024x683.png 1024w, https:\/\/hardnexautomations.hu\/wp-content\/uploads\/2026\/03\/1000036180-300x200.png 300w, https:\/\/hardnexautomations.hu\/wp-content\/uploads\/2026\/03\/1000036180-768x512.png 768w, https:\/\/hardnexautomations.hu\/wp-content\/uploads\/2026\/03\/1000036180-18x12.png 18w, https:\/\/hardnexautomations.hu\/wp-content\/uploads\/2026\/03\/1000036180.png 1536w\" sizes=\"(max-width: 1024px) 100vw, 1024px\" title=\"Kezd\u0151lap\">\t\t\t\t\t\t\t\t\t\t\t\t\t\t\t<\/div>\n\t\t\t\t<\/div>\n\t\t\t\t<div class=\"elementor-element elementor-element-f1e95e3 elementor-widget elementor-widget-image\" data-id=\"f1e95e3\" data-element_type=\"widget\" data-widget_type=\"image.default\">\n\t\t\t\t<div class=\"elementor-widget-container\">\n\t\t\t\t\t\t\t\t\t\t\t\t\t\t\t<img decoding=\"async\" width=\"1024\" height=\"683\" src=\"https:\/\/hardnexautomations.hu\/wp-content\/uploads\/2026\/03\/1000036181-1024x683.png\" class=\"attachment-large size-large wp-image-2704\" alt=\"1000036181\" srcset=\"https:\/\/hardnexautomations.hu\/wp-content\/uploads\/2026\/03\/1000036181-1024x683.png 1024w, https:\/\/hardnexautomations.hu\/wp-content\/uploads\/2026\/03\/1000036181-300x200.png 300w, https:\/\/hardnexautomations.hu\/wp-content\/uploads\/2026\/03\/1000036181-768x512.png 768w, https:\/\/hardnexautomations.hu\/wp-content\/uploads\/2026\/03\/1000036181-18x12.png 18w, https:\/\/hardnexautomations.hu\/wp-content\/uploads\/2026\/03\/1000036181.png 1536w\" sizes=\"(max-width: 1024px) 100vw, 1024px\" title=\"Kezd\u0151lap\">\t\t\t\t\t\t\t\t\t\t\t\t\t\t\t<\/div>\n\t\t\t\t<\/div>\n\t\t\t\t\t<\/div>\n\t\t\t\t<\/div>\n\t\t<div class=\"elementor-element elementor-element-5432ae1 e-flex e-con-boxed e-con e-parent\" data-id=\"5432ae1\" data-element_type=\"container\">\n\t\t\t\t\t<div class=\"e-con-inner\">\n\t\t<div class=\"elementor-element elementor-element-31d5143 e-con-full e-flex e-con e-child\" data-id=\"31d5143\" data-element_type=\"container\">\n\t\t\t\t<div class=\"elementor-element elementor-element-f941107 elementor-widget elementor-widget-image\" data-id=\"f941107\" data-element_type=\"widget\" data-widget_type=\"image.default\">\n\t\t\t\t<div class=\"elementor-widget-container\">\n\t\t\t\t\t\t\t\t\t\t\t\t\t\t\t<img decoding=\"async\" width=\"1024\" height=\"683\" src=\"https:\/\/hardnexautomations.hu\/wp-content\/uploads\/2026\/01\/ChatGPT-Image-2026.-jan.-20.-09_44_01-1024x683.png\" class=\"attachment-large size-large wp-image-2681\" alt=\"chatgpt image 2026. jan. 20. 09 44 01\" srcset=\"https:\/\/hardnexautomations.hu\/wp-content\/uploads\/2026\/01\/ChatGPT-Image-2026.-jan.-20.-09_44_01-1024x683.png 1024w, https:\/\/hardnexautomations.hu\/wp-content\/uploads\/2026\/01\/ChatGPT-Image-2026.-jan.-20.-09_44_01-300x200.png 300w, https:\/\/hardnexautomations.hu\/wp-content\/uploads\/2026\/01\/ChatGPT-Image-2026.-jan.-20.-09_44_01-768x512.png 768w, https:\/\/hardnexautomations.hu\/wp-content\/uploads\/2026\/01\/ChatGPT-Image-2026.-jan.-20.-09_44_01-18x12.png 18w, https:\/\/hardnexautomations.hu\/wp-content\/uploads\/2026\/01\/ChatGPT-Image-2026.-jan.-20.-09_44_01.png 1536w\" sizes=\"(max-width: 1024px) 100vw, 1024px\" title=\"Kezd\u0151lap\">\t\t\t\t\t\t\t\t\t\t\t\t\t\t\t<\/div>\n\t\t\t\t<\/div>\n\t\t\t\t<\/div>\n\t\t<div class=\"elementor-element elementor-element-9b159b7 e-con-full e-flex e-con e-child\" data-id=\"9b159b7\" data-element_type=\"container\">\n\t\t\t\t<div class=\"elementor-element elementor-element-cf3b5e0 elementor-widget elementor-widget-image\" data-id=\"cf3b5e0\" data-element_type=\"widget\" data-widget_type=\"image.default\">\n\t\t\t\t<div class=\"elementor-widget-container\">\n\t\t\t\t\t\t\t\t\t\t\t\t\t\t\t<img loading=\"lazy\" decoding=\"async\" width=\"1024\" height=\"683\" src=\"https:\/\/hardnexautomations.hu\/wp-content\/uploads\/2026\/01\/ChatGPT-Image-2026.-jan.-20.-09_47_07-1024x683.png\" class=\"attachment-large size-large wp-image-2682\" alt=\"chatgpt image 2026. jan. 20. 09 47 07\" srcset=\"https:\/\/hardnexautomations.hu\/wp-content\/uploads\/2026\/01\/ChatGPT-Image-2026.-jan.-20.-09_47_07-1024x683.png 1024w, https:\/\/hardnexautomations.hu\/wp-content\/uploads\/2026\/01\/ChatGPT-Image-2026.-jan.-20.-09_47_07-300x200.png 300w, https:\/\/hardnexautomations.hu\/wp-content\/uploads\/2026\/01\/ChatGPT-Image-2026.-jan.-20.-09_47_07-768x512.png 768w, https:\/\/hardnexautomations.hu\/wp-content\/uploads\/2026\/01\/ChatGPT-Image-2026.-jan.-20.-09_47_07-18x12.png 18w, https:\/\/hardnexautomations.hu\/wp-content\/uploads\/2026\/01\/ChatGPT-Image-2026.-jan.-20.-09_47_07.png 1536w\" sizes=\"(max-width: 1024px) 100vw, 1024px\" title=\"Kezd\u0151lap\">\t\t\t\t\t\t\t\t\t\t\t\t\t\t\t<\/div>\n\t\t\t\t<\/div>\n\t\t\t\t<\/div>\n\t\t\t\t\t<\/div>\n\t\t\t\t<\/div>\n\t\t<div class=\"elementor-element elementor-element-49a4d14 e-flex e-con-boxed e-con e-parent\" data-id=\"49a4d14\" data-element_type=\"container\" data-settings=\"{&quot;background_background&quot;:&quot;classic&quot;}\">\n\t\t\t\t\t<div class=\"e-con-inner\">\n\t\t\t\t<div class=\"elementor-element elementor-element-6a40a4c elementor-widget elementor-widget-image\" data-id=\"6a40a4c\" data-element_type=\"widget\" data-widget_type=\"image.default\">\n\t\t\t\t<div class=\"elementor-widget-container\">\n\t\t\t\t\t\t\t\t\t\t\t\t\t\t\t<img loading=\"lazy\" decoding=\"async\" width=\"768\" height=\"512\" src=\"https:\/\/hardnexautomations.hu\/wp-content\/uploads\/2025\/12\/file_00000000e1c4722f8b195f1d8e1b4b31-768x512.png\" class=\"attachment-medium_large size-medium_large wp-image-2573\" alt=\"file 00000000e1c4722f8b195f1d8e1b4b31\" srcset=\"https:\/\/hardnexautomations.hu\/wp-content\/uploads\/2025\/12\/file_00000000e1c4722f8b195f1d8e1b4b31-768x512.png 768w, https:\/\/hardnexautomations.hu\/wp-content\/uploads\/2025\/12\/file_00000000e1c4722f8b195f1d8e1b4b31-300x200.png 300w, https:\/\/hardnexautomations.hu\/wp-content\/uploads\/2025\/12\/file_00000000e1c4722f8b195f1d8e1b4b31-1024x683.png 1024w, https:\/\/hardnexautomations.hu\/wp-content\/uploads\/2025\/12\/file_00000000e1c4722f8b195f1d8e1b4b31.png 1536w\" sizes=\"(max-width: 768px) 100vw, 768px\" title=\"Kezd\u0151lap\">\t\t\t\t\t\t\t\t\t\t\t\t\t\t\t<\/div>\n\t\t\t\t<\/div>\n\t\t<div class=\"elementor-element elementor-element-f9ac4a3 e-con-full e-flex e-con e-child\" data-id=\"f9ac4a3\" data-element_type=\"container\">\n\t\t<div class=\"elementor-element elementor-element-6125823 e-con-full e-flex e-con e-child\" data-id=\"6125823\" data-element_type=\"container\">\n\t\t\t\t<div class=\"elementor-element elementor-element-1738ada elementor-widget elementor-widget-heading\" data-id=\"1738ada\" data-element_type=\"widget\" data-widget_type=\"heading.default\">\n\t\t\t\t<div class=\"elementor-widget-container\">\n\t\t\t\t\t<h2 class=\"elementor-heading-title elementor-size-default\">About Our Company<\/h2>\t\t\t\t<\/div>\n\t\t\t\t<\/div>\n\t\t\t\t<div class=\"elementor-element elementor-element-4baeaac elementor-widget elementor-widget-heading\" data-id=\"4baeaac\" data-element_type=\"widget\" data-widget_type=\"heading.default\">\n\t\t\t\t<div class=\"elementor-widget-container\">\n\t\t\t\t\t<h2 class=\"elementor-heading-title elementor-size-default\">Add meg itt a c\u00edmsor sz\u00f6veg\u00e9t<\/h2>\t\t\t\t<\/div>\n\t\t\t\t<\/div>\n\t\t\t\t<div class=\"elementor-element elementor-element-5f6462e elementor-widget elementor-widget-text-editor\" data-id=\"5f6462e\" data-element_type=\"widget\" data-widget_type=\"text-editor.default\">\n\t\t\t\t<div class=\"elementor-widget-container\">\n\t\t\t\t\t\t\t\t\t<p><strong>Ipari automatiz\u00e1l\u00e1si alkatr\u00e9szek felv\u00e1s\u00e1rl\u00e1sa, beszerz\u00e9se \u00e9s \u00e9rt\u00e9kes\u00edt\u00e9se gyors sz\u00e1ll\u00edt\u00e1ssal \u00e9s garanci\u00e1val.<\/strong><\/p><p>Ipari automatiz\u00e1l\u00e1si alkatr\u00e9szek felv\u00e1s\u00e1rl\u00e1s\u00e1val, gyors beszerz\u00e9s\u00e9vel \u00e9s \u00e9rt\u00e9kes\u00edt\u00e9s\u00e9vel foglalkozunk, r\u00f6vid hat\u00e1rid\u0151vel \u00e9s megb\u00edzhat\u00f3 sz\u00e1ll\u00edt\u00e1ssal.<\/p><p>F\u0151 profilunk PLC-k, HMI-k, szerv\u00f3vez\u00e9rl\u0151k, szerv\u00f3- \u00e9s l\u00e9ptet\u0151motorok, frekvenciav\u00e1lt\u00f3k, \u00e9s egy\u00e9b ipari vez\u00e9rl\u0151k beszerz\u00e9se \u00e9s felv\u00e1s\u00e1rl\u00e1sa, rakt\u00e1rr\u00f3l vagy egyedi megkeres\u00e9s alapj\u00e1n, EU-n bel\u00fcli \u00e9s EU-n k\u00edv\u00fcli sz\u00e1ll\u00edt\u00e1ssal.<\/p><p>Feleslegess\u00e9 v\u00e1lt, rakt\u00e1ron maradt vagy bont\u00e1sb\u00f3l sz\u00e1rmaz\u00f3 ipari alkatr\u00e9szeket gyors \u00e9s korrekt \u00fcgyint\u00e9z\u00e9ssel v\u00e1s\u00e1rolunk fel, valamint s\u00fcrg\u0151s esetekben r\u00f6vid hat\u00e1rid\u0151vel biztos\u00edtunk alternat\u00edv beszerz\u00e9si megold\u00e1st.<\/p><p>Alkatr\u00e9szeinket r\u00f6vid hat\u00e1rid\u0151s sz\u00e1ll\u00edt\u00e1ssal \u00e9s garanci\u00e1val \u00e9rt\u00e9kes\u00edtj\u00fck belf\u00f6ld\u00f6n \u00e9s k\u00fclf\u00f6ld\u00f6n egyar\u00e1nt.<\/p><p>C\u00e9lunk a gyors, korrekt \u00fcgyint\u00e9z\u00e9s \u00e9s a hossz\u00fa t\u00e1v\u00fa, megb\u00edzhat\u00f3 \u00fczleti egy\u00fcttm\u0171k\u00f6d\u00e9s.<\/p>\t\t\t\t\t\t\t\t<\/div>\n\t\t\t\t<\/div>\n\t\t\t\t<\/div>\n\t\t\t\t<\/div>\n\t\t\t\t\t<\/div>\n\t\t\t\t<\/div>\n\t\t<div class=\"elementor-element elementor-element-68946e8 e-flex e-con-boxed e-con e-parent\" data-id=\"68946e8\" data-element_type=\"container\">\n\t\t\t\t\t<div class=\"e-con-inner\">\n\t\t\t\t<div class=\"elementor-element elementor-element-555652c elementor-widget elementor-widget-heading\" data-id=\"555652c\" data-element_type=\"widget\" data-widget_type=\"heading.default\">\n\t\t\t\t<div class=\"elementor-widget-container\">\n\t\t\t\t\t<h2 class=\"elementor-heading-title elementor-size-default\">Get in touch with us<\/h2>\t\t\t\t<\/div>\n\t\t\t\t<\/div>\n\t\t\t\t<div class=\"elementor-element elementor-element-9b731da elementor-widget elementor-widget-menu-anchor\" data-id=\"9b731da\" data-element_type=\"widget\" data-widget_type=\"menu-anchor.default\">\n\t\t\t\t<div class=\"elementor-widget-container\">\n\t\t\t\t\t\t\t<div class=\"elementor-menu-anchor\" id=\"kapcsolat\"><\/div>\n\t\t\t\t\t\t<\/div>\n\t\t\t\t<\/div>\n\t\t\t\t<div class=\"elementor-element elementor-element-27c4acf elementor-widget elementor-widget-text-editor\" data-id=\"27c4acf\" data-element_type=\"widget\" data-widget_type=\"text-editor.default\">\n\t\t\t\t<div class=\"elementor-widget-container\">\n\t\t\t\t\t\t\t\t\t<p><strong>We will respond within 24 hours<\/strong><\/p>\t\t\t\t\t\t\t\t<\/div>\n\t\t\t\t<\/div>\n\t\t\t\t<div class=\"elementor-element elementor-element-45168e4 elementor-widget elementor-widget-text-editor\" data-id=\"45168e4\" data-element_type=\"widget\" data-widget_type=\"text-editor.default\">\n\t\t\t\t<div class=\"elementor-widget-container\">\n\t\t\t\t\t\t\t\t\t<p><strong>Please note that all fields are required; the form cannot be submitted if any field is left blank.<\/strong><\/p>\t\t\t\t\t\t\t\t<\/div>\n\t\t\t\t<\/div>\n\t\t<div class=\"elementor-element elementor-element-46216c2 e-con-full e-flex e-con e-child\" data-id=\"46216c2\" data-element_type=\"container\">\n\t\t\t\t<div class=\"elementor-element elementor-element-734c612 elementor-widget elementor-widget-wpforms\" data-id=\"734c612\" data-element_type=\"widget\" data-widget_type=\"wpforms.default\">\n\t\t\t\t<div class=\"elementor-widget-container\">\n\t\t\t\t\t<div class=\"wpforms-container\" id=\"wpforms-2562\"><form id=\"wpforms-form-2562\" class=\"wpforms-validate wpforms-form wpforms-ajax-form\" data-formid=\"2562\" method=\"post\" enctype=\"multipart\/form-data\" action=\"\/en\/wp-json\/wp\/v2\/pages\/2\" data-token=\"5b96d7169e5c807eeb155e25a19e3249\" data-token-time=\"1776761366\" data-trp-original-action=\"\/en\/wp-json\/wp\/v2\/pages\/2\"><noscript class=\"wpforms-error-noscript\">Please enable JavaScript in your browser to complete this form.<\/noscript><div class=\"wpforms-field-container\"><div id=\"wpforms-2562-field_1-container\" class=\"wpforms-field wpforms-field-name\" data-field-id=\"1\"><label class=\"wpforms-field-label\" for=\"wpforms-2562-field_1\">Full name <span class=\"wpforms-required-label\">*<\/span><\/label><input type=\"text\" id=\"wpforms-2562-field_1\" class=\"wpforms-field-medium wpforms-field-required\" name=\"wpforms[fields][1]\" required><\/div>\t\t<div id=\"wpforms-2562-field_4-container\"\n\t\t\tclass=\"wpforms-field wpforms-field-text\"\n\t\t\tdata-field-type=\"text\"\n\t\t\tdata-field-id=\"4\"\n\t\t\t>\n\t\t\t<label class=\"wpforms-field-label\" for=\"wpforms-2562-field_4\" >Email Teljes Term\u00e9kek<\/label>\n\t\t\t<input type=\"text\" id=\"wpforms-2562-field_4\" class=\"wpforms-field-medium\" name=\"wpforms[fields][4]\" >\n\t\t<\/div>\n\t\t<div id=\"wpforms-2562-field_2-container\" class=\"wpforms-field wpforms-field-email\" data-field-id=\"2\"><label class=\"wpforms-field-label\" for=\"wpforms-2562-field_2\">Email <span class=\"wpforms-required-label\">*<\/span><\/label><input type=\"email\" id=\"wpforms-2562-field_2\" class=\"wpforms-field-medium wpforms-field-required\" name=\"wpforms[fields][2]\" spellcheck=\"false\" required><\/div><div id=\"wpforms-2562-field_5-container\" class=\"wpforms-field wpforms-field-select wpforms-field-select-style-classic\" data-field-id=\"5\"><label class=\"wpforms-field-label\" for=\"wpforms-2562-field_5\">Kapcsolatfelv\u00e9tel t\u00e1rgya: <span class=\"wpforms-required-label\">*<\/span><\/label><select id=\"wpforms-2562-field_5\" class=\"wpforms-field-medium wpforms-field-required\" name=\"wpforms[fields][5]\" required=\"required\"><option value=\"\" class=\"placeholder\" disabled selected='selected'>K\u00e9rj\u00fck v\u00e1lasszon <\/option><option value=\"Beszerz\u00e9s\/Aj\u00e1nlatk\u00e9r\u00e9s\"  class=\"choice-1 depth-1\"  >Beszerz\u00e9s\/Aj\u00e1nlatk\u00e9r\u00e9s<\/option><option value=\"Elad\u00e1s\/Felv\u00e1s\u00e1rl\u00e1s\"  class=\"choice-2 depth-1\"  >Elad\u00e1s\/Felv\u00e1s\u00e1rl\u00e1s<\/option><option value=\"Egy\u00e9b\"  class=\"choice-3 depth-1\"  >Other<\/option><\/select><\/div><div id=\"wpforms-2562-field_3-container\" class=\"wpforms-field wpforms-field-textarea\" data-field-id=\"3\"><label class=\"wpforms-field-label\" for=\"wpforms-2562-field_3\">Term\u00e9kek le\u00edr\u00e1sa <span class=\"wpforms-required-label\">*<\/span><\/label><textarea id=\"wpforms-2562-field_3\" class=\"wpforms-field-medium wpforms-field-required\" name=\"wpforms[fields][3]\" required><\/textarea><\/div><script>\n\t\t\t\t( function() {\n\t\t\t\t\tconst style = document.createElement( 'style' );\n\t\t\t\t\tstyle.appendChild( document.createTextNode( '#wpforms-2562-field_4-container { position: absolute !important; overflow: hidden !important; display: inline !important; height: 1px !important; width: 1px !important; z-index: -1000 !important; padding: 0 !important; } #wpforms-2562-field_4-container input { visibility: hidden; } #wpforms-conversational-form-page #wpforms-2562-field_4-container label { counter-increment: none; }' ) );\n\t\t\t\t\tdocument.head.appendChild( style );\n\t\t\t\t\tdocument.currentScript?.remove();\n\t\t\t\t} )();\n\t\t\t<\/script><\/div><!-- .wpforms-field-container --><div class=\"wpforms-submit-container\" ><input type=\"hidden\" name=\"wpforms[id]\" value=\"2562\"><input type=\"hidden\" name=\"page_title\" value=\"\"><input type=\"hidden\" name=\"page_url\" value=\"https:\/\/hardnexautomations.hu\/en\/wp-json\/wp\/v2\/pages\/2\"><input type=\"hidden\" name=\"url_referer\" value=\"\"><button type=\"submit\" name=\"wpforms[submit]\" id=\"wpforms-submit-2562\" class=\"wpforms-submit\" data-alt-text=\"K\u00fcld\u00e9s folyamatban...\" data-submit-text=\"K\u00fcld\u00e9s\" aria-live=\"assertive\" value=\"wpforms-submit\">Send<\/button><img loading=\"lazy\" decoding=\"async\" src=\"https:\/\/hardnexautomations.hu\/wp-content\/plugins\/wpforms-lite\/assets\/images\/submit-spin.svg\" class=\"wpforms-submit-spinner\" style=\"display: none;\" width=\"26\" height=\"26\" alt=\"Loading\" title=\"Kezd\u0151lap\"><\/div><input type=\"hidden\" name=\"trp-form-language\" value=\"en\"\/><\/form><\/div>  <!-- .wpforms-container -->\t\t\t\t<\/div>\n\t\t\t\t<\/div>\n\t\t\t\t<\/div>\n\t\t\t\t\t<\/div>\n\t\t\t\t<\/div>\n\t\t\t\t<\/div>","protected":false},"excerpt":{"rendered":"<p>Ipari automatiz\u00e1l\u00e1si alkatr\u00e9szek felv\u00e1s\u00e1rl\u00e1sa, beszerz\u00e9se \u00e9s \u00e9rt\u00e9kes\u00edt\u00e9se gyors sz\u00e1ll\u00edt\u00e1ssal \u00e9s garanci\u00e1val PLC, HMI, SZERV\u00d3 VEZ\u00c9RL\u0150K \u00c9S MOTOROK, FREKVENCIAV\u00c1LT\u00d3K \u00c9S EGY\u00c9B IPARI VEZ\u00c9RL\u0150K, SZENZOROK &#8211; GYORS, KORREKT \u00dcGYINT\u00c9Z\u00c9SSEL Webshop Ir\u00e1ny a kapcsolatfelv\u00e9telhez Els\u0151sorban az al\u00e1bbi gy\u00e1rt\u00f3k term\u00e9keit v\u00e1s\u00e1roljuk \u00e9s \u00e9rt\u00e9kes\u00edtj\u00fck C\u00e9g\u00fcnk kiemelten az al\u00e1bbi, nemzetk\u00f6zileg elismert ipari automatiz\u00e1l\u00e1si \u00e9s vez\u00e9rl\u00e9stechnikai m\u00e1rk\u00e1k term\u00e9keinek felv\u00e1s\u00e1rl\u00e1s\u00e1val \u00e9s gyors beszerz\u00e9s\u00e9vel [&hellip;]<\/p>","protected":false},"author":1,"featured_media":0,"parent":0,"menu_order":0,"comment_status":"closed","ping_status":"closed","template":"","meta":{"site-sidebar-layout":"no-sidebar","site-content-layout":"page-builder","ast-site-content-layout":"default","site-content-style":"default","site-sidebar-style":"default","ast-global-header-display":"","ast-banner-title-visibility":"","ast-main-header-display":"","ast-hfb-above-header-display":"","ast-hfb-below-header-display":"","ast-hfb-mobile-header-display":"","site-post-title":"disabled","ast-breadcrumbs-content":"","ast-featured-img":"disabled","footer-sml-layout":"","ast-disable-related-posts":"","theme-transparent-header-meta":"enabled","adv-header-id-meta":"","stick-header-meta":"","header-above-stick-meta":"","header-main-stick-meta":"","header-below-stick-meta":"","astra-migrate-meta-layouts":"default","ast-page-background-enabled":"default","ast-page-background-meta":{"desktop":{"background-color":"","background-image":"","background-repeat":"repeat","background-position":"center center","background-size":"auto","background-attachment":"scroll","background-type":"","background-media":"","overlay-type":"","overlay-color":"","overlay-opacity":"","overlay-gradient":""},"tablet":{"background-color":"","background-image":"","background-repeat":"repeat","background-position":"center center","background-size":"auto","background-attachment":"scroll","background-type":"","background-media":"","overlay-type":"","overlay-color":"","overlay-opacity":"","overlay-gradient":""},"mobile":{"background-color":"","background-image":"","background-repeat":"repeat","background-position":"center center","background-size":"auto","background-attachment":"scroll","background-type":"","background-media":"","overlay-type":"","overlay-color":"","overlay-opacity":"","overlay-gradient":""}},"ast-content-background-meta":{"desktop":{"background-color":"var(--ast-global-color-5)","background-image":"","background-repeat":"repeat","background-position":"center center","background-size":"auto","background-attachment":"scroll","background-type":"","background-media":"","overlay-type":"","overlay-color":"","overlay-opacity":"","overlay-gradient":""},"tablet":{"background-color":"var(--ast-global-color-5)","background-image":"","background-repeat":"repeat","background-position":"center center","background-size":"auto","background-attachment":"scroll","background-type":"","background-media":"","overlay-type":"","overlay-color":"","overlay-opacity":"","overlay-gradient":""},"mobile":{"background-color":"var(--ast-global-color-5)","background-image":"","background-repeat":"repeat","background-position":"center center","background-size":"auto","background-attachment":"scroll","background-type":"","background-media":"","overlay-type":"","overlay-color":"","overlay-opacity":"","overlay-gradient":""}},"footnotes":""},"class_list":["post-2","page","type-page","status-publish","hentry"],"_links":{"self":[{"href":"https:\/\/hardnexautomations.hu\/en\/wp-json\/wp\/v2\/pages\/2","targetHints":{"allow":["GET"]}}],"collection":[{"href":"https:\/\/hardnexautomations.hu\/en\/wp-json\/wp\/v2\/pages"}],"about":[{"href":"https:\/\/hardnexautomations.hu\/en\/wp-json\/wp\/v2\/types\/page"}],"author":[{"embeddable":true,"href":"https:\/\/hardnexautomations.hu\/en\/wp-json\/wp\/v2\/users\/1"}],"replies":[{"embeddable":true,"href":"https:\/\/hardnexautomations.hu\/en\/wp-json\/wp\/v2\/comments?post=2"}],"version-history":[{"count":91,"href":"https:\/\/hardnexautomations.hu\/en\/wp-json\/wp\/v2\/pages\/2\/revisions"}],"predecessor-version":[{"id":2726,"href":"https:\/\/hardnexautomations.hu\/en\/wp-json\/wp\/v2\/pages\/2\/revisions\/2726"}],"wp:attachment":[{"href":"https:\/\/hardnexautomations.hu\/en\/wp-json\/wp\/v2\/media?parent=2"}],"curies":[{"name":"wp","href":"https:\/\/api.w.org\/{rel}","templated":true}]}}